{"id":2468,"date":"2026-01-25T19:48:12","date_gmt":"2026-01-25T19:48:12","guid":{"rendered":"https:\/\/vap.aau.dk\/cvsports\/?page_id=2468"},"modified":"2026-04-24T09:18:32","modified_gmt":"2026-04-24T09:18:32","slug":"program","status":"publish","type":"page","link":"https:\/\/vap.aau.dk\/cvsports\/12th-international-workshop-on-computer-vision-in-sports-cvsports-at-cvpr-2026\/program\/","title":{"rendered":"Program"},"content":{"rendered":"\n<p>June 4, full day program. Room: 503.<\/p>\n\n\n\n<p><strong>Accepted peer-reviewed papers:<\/strong><\/p>\n\n\n\n<figure class=\"wp-block-table\"><table class=\"has-fixed-layout\"><tbody><tr><td>Graph-based Association for Multi-View Multiple Player 3D Tracking in Volleyball Videos<\/td><td>Yu-Hsiang Chen, Wei-Ta Chu,&nbsp;Takeo Kanade<\/td><td>Poster<\/td><\/tr><tr><td>Pole-Arina: A Privacy-Preserving Dataset and Benchmark for Static Pole Tricks<\/td><td>Diana Marin,&nbsp;Katharina Scheucher,&nbsp;Peter K\u00e1n<\/td><td>Poster<\/td><\/tr><tr><td>BFMD: A Full-Match Badminton Dense Dataset for Dense Shot Captioning<\/td><td>Ning Ding,&nbsp;Keisuke Fujii,&nbsp;Toru Tamaki<\/td><td>Oral + poster<\/td><\/tr><tr><td>BlurBall: Joint Ball and Motion Blur Estimation for Table Tennis Ball Tracking<\/td><td>Thomas Gossard,&nbsp;Andreas Ziegler,&nbsp;Filip Radovic,&nbsp;Andreas Zell<\/td><td>Oral + poster<\/td><\/tr><tr><td>BST: Badminton Stroke-type Transformer for Skeleton-based Action Recognition in Racket Sports<\/td><td>Jing-Yuan Chang<\/td><td>Poster<\/td><\/tr><tr><td>Beyond Pedestrians: Caption-Guided CLIP Framework for High-Difficulty Video-based Person Re-Identification<\/td><td>Shogo Hamano,&nbsp;Shunya Wakasugi,&nbsp;Tatsuhito Sato,&nbsp;Sayaka Nakamura<\/td><td>Oral + poster<\/td><\/tr><tr><td>GRAZE: Grounded Refinement and Motion-Aware Zero-Shot Event Localization<\/td><td>Syed Ahsan Masud Zaidi,&nbsp;Lior Shamir,&nbsp;William Hsu, Scott Dietrich,&nbsp;Talha Zaidi<\/td><td>Poster<\/td><\/tr><tr><td>PlayGen-MoG: Framework for Diverse Multi-Agent Play Generation via Mixture-of-Gaussians Trajectory Prediction<\/td><td>Kevin Changhun Song<\/td><td>Poster<\/td><\/tr><tr><td>Pixels or Positions? Benchmarking Modalities in Group Activity Recognition<\/td><td>Drishya Karki,&nbsp;Merey Ramazanova,&nbsp;Anthony Cioppa,&nbsp;Silvio Giancola,&nbsp;Bernard Ghanem<\/td><td>Poster<\/td><\/tr><tr><td>LTPI: A Benchmark for Long-term Player Identification from Single-Camera Football Video<\/td><td>Murad Dusov,&nbsp;Vasiliy Chelpanov,&nbsp;Andrey Sakhovskiy,&nbsp;Vadim Linkov,&nbsp;Oleg Durygin,&nbsp;Mikhail Moiseev,&nbsp;Isupov Matvey,&nbsp;Konstantin Mitin,&nbsp;Semen Budennyy<\/td><td>Poster<\/td><\/tr><tr><td>SetPieceRAG: Domain-Specific RAG for Knowledge-Intensive Soccer VQA<\/td><td>Youngseon Kim,&nbsp;Jongmin Lee<\/td><td>Poster<\/td><\/tr><tr><td>3D Reconstruction of American Football Game Situations from Handheld Monocular Video<\/td><td>Kanta Sawafuji,&nbsp;Rintaro Otsubo,&nbsp;Dan Mikami,&nbsp;Hideo Saito<\/td><td>Poster<\/td><\/tr><tr><td>SAMIDARE: Advanced Tracking-by-Segmentation for Dense Scenarios<\/td><td>Shozaburo Hirano,&nbsp;Norimichi Ukita<\/td><td>Poster<\/td><\/tr><tr><td>Direct Measurement of Human Joint Positions under Clothing using Coaxial RGB\u2013Infrared Imaging<\/td><td>Daishi Kitano,&nbsp;Seiji Matsumura,&nbsp;Naoki Saijo,&nbsp;Makio Kashino,&nbsp;Dan Mikami<\/td><td>Poster<\/td><\/tr><tr><td>CADDIE: Compact Adaptive Detection-Driven Inference for Real-Time Golf Club Pose Estimation<\/td><td>Changsoo Jung,&nbsp;Fan Yang,&nbsp;Nathaniel Blanchard,&nbsp;Hon Yung Wong<\/td><td>Poster<\/td><\/tr><tr><td>Unified Sports Field Registration with Lens Distortion Modeling<\/td><td>Jonas Theiner,&nbsp;Eric M\u00fcller-Budack,&nbsp;Ralph Ewerth<\/td><td>Poster<\/td><\/tr><tr><td>Monte Carlo Pass Search: Using Trajectory Generation for 3D Counterfactual Pass Evaluation in Football<\/td><td>Andrew Kang,&nbsp;Priya Narasimhan<\/td><td>Poster<\/td><\/tr><tr><td>Non-Intrusive Monocular 3D Ball Tracking via Infrared Shadow Geometry for Practical Sports Applications<\/td><td>Hiro Horino,&nbsp;Daishi Kitano,&nbsp;Dan Mikami<\/td><td>Poster<\/td><\/tr><tr><td>Causal CV: Vision-Grounded Counterfactual Reasoning in Multi-Agent Sports<\/td><td>Ben Jenkins<\/td><td>Poster<\/td><\/tr><tr><td>Physics-Based 3D Ball Trajectory Reconstruction from Monocular Soccer Video: A Multi-Model Benchmark<\/td><td>\u0141ukasz Grad,&nbsp;Krzysztof M. Czajkowski,&nbsp;Aliaksandr Varashylau<\/td><td>Poster<\/td><\/tr><tr><td>Towards Athlete Fatigue Assessment from Association Football Videos<\/td><td>Xavier Bou,&nbsp;Nathan Correger,&nbsp;Alexandre Cloots,&nbsp;Gavage C\u00e9dric,&nbsp;Silvio Giancola,&nbsp;C\u00e9dric Schwartz,&nbsp;Fran\u00e7ois Delvaux,&nbsp;Rudi Cloots,&nbsp;Marc Van Droogenbroeck,&nbsp;Anthony Cioppa<\/td><td>Poster<\/td><\/tr><tr><td>Scalable Injury-Risk Screening in Baseball Pitching From Broadcast Video<\/td><td>Jerrin Bright,&nbsp;Justin Mende,&nbsp;John S. Zelek<\/td><td>Poster<\/td><\/tr><tr><td>Interpretable Pre-Release Baseball Pitch Type Anticipation from Broadcast 3D Kinematics<\/td><td>Jerrin Bright,&nbsp;Michelle Lu,&nbsp;John S. Zelek<\/td><td>Poster<\/td><\/tr><tr><td>Game Context-Aware 3D Human Mesh Recovery in Ice Hockey<\/td><td>Zhibo Wang,&nbsp;Amir Nazemi,&nbsp;Sirisha Rambhatla,&nbsp;Yuhao Chen,&nbsp;David A. Clausi<\/td><td>Oral + poster<\/td><\/tr><tr><td>Transition-Constrained Sequence Modeling for Fine-Grained Skating Action Recognition<\/td><td>Maria Koshkina,&nbsp;Tanmay Pilla,&nbsp;Amir Nazemi,&nbsp;Yuhao Chen,&nbsp;John S. Zelek,&nbsp;David A. Clausi<\/td><td>Oral + poster<\/td><\/tr><\/tbody><\/table><\/figure>\n\n\n\n<p><strong>Nectar track posters &#8211; papers accepted for CVPR main conference:<\/strong><\/p>\n\n\n\n<figure class=\"wp-block-table\"><table class=\"has-fixed-layout\"><tbody><tr><td>SkillSight: Efficient First-Person Skill Assessment with Gaze<\/td><td>Chi Hsuan Wu, Kumar Ashutosh, Kristen Grauman<\/td><td>Poster<\/td><\/tr><tr><td>AdaSpot: Spend Resolution Where It Matters for Precise Event Spotting<\/td><td>Artur Xarles,&nbsp;Sergio Escalera,&nbsp;Thomas B. Moeslund,&nbsp;Albert Clap\u00e9s<\/td><td>Poster<\/td><\/tr><tr><td>VideoNet: A Large-Scale Dataset for Domain-Specific Action Recognition<\/td><td>Tanush Yadav, <\/td><td>Poster<\/td><\/tr><\/tbody><\/table><\/figure>\n\n\n\n<p><\/p>\n\n\n\n<p><\/p>\n","protected":false},"excerpt":{"rendered":"<p>June 4, full day program. Room: 503. Accepted peer-reviewed papers: Graph-based Association for Multi-View Multiple Player 3D Tracking in Volleyball Videos Yu-Hsiang Chen, Wei-Ta Chu,&nbsp;Takeo Kanade Poster Pole-Arina: A Privacy-Preserving Dataset and Benchmark for Static Pole Tricks Diana Marin,&nbsp;Katharina Scheucher,&nbsp;Peter K\u00e1n Poster BFMD: A Full-Match Badminton Dense Dataset for Dense Shot Captioning Ning Ding,&nbsp;Keisuke Fujii,&nbsp;Toru [&hellip;]<\/p>\n","protected":false},"author":3,"featured_media":0,"parent":2466,"menu_order":0,"comment_status":"closed","ping_status":"closed","template":"","meta":{"footnotes":""},"class_list":["post-2468","page","type-page","status-publish","hentry"],"_links":{"self":[{"href":"https:\/\/vap.aau.dk\/cvsports\/wp-json\/wp\/v2\/pages\/2468","targetHints":{"allow":["GET"]}}],"collection":[{"href":"https:\/\/vap.aau.dk\/cvsports\/wp-json\/wp\/v2\/pages"}],"about":[{"href":"https:\/\/vap.aau.dk\/cvsports\/wp-json\/wp\/v2\/types\/page"}],"author":[{"embeddable":true,"href":"https:\/\/vap.aau.dk\/cvsports\/wp-json\/wp\/v2\/users\/3"}],"replies":[{"embeddable":true,"href":"https:\/\/vap.aau.dk\/cvsports\/wp-json\/wp\/v2\/comments?post=2468"}],"version-history":[{"count":10,"href":"https:\/\/vap.aau.dk\/cvsports\/wp-json\/wp\/v2\/pages\/2468\/revisions"}],"predecessor-version":[{"id":2565,"href":"https:\/\/vap.aau.dk\/cvsports\/wp-json\/wp\/v2\/pages\/2468\/revisions\/2565"}],"up":[{"embeddable":true,"href":"https:\/\/vap.aau.dk\/cvsports\/wp-json\/wp\/v2\/pages\/2466"}],"wp:attachment":[{"href":"https:\/\/vap.aau.dk\/cvsports\/wp-json\/wp\/v2\/media?parent=2468"}],"curies":[{"name":"wp","href":"https:\/\/api.w.org\/{rel}","templated":true}]}}