{"id":2023,"date":"2020-12-14T09:17:40","date_gmt":"2020-12-14T09:17:40","guid":{"rendered":"https:\/\/vap.aau.dk\/cvsports\/?page_id=2023"},"modified":"2020-12-14T09:17:40","modified_gmt":"2020-12-14T09:17:40","slug":"7th-international-workshop-on-computer-vision-in-sports-cvsports","status":"publish","type":"page","link":"https:\/\/vap.aau.dk\/cvsports\/7th-international-workshop-on-computer-vision-in-sports-cvsports\/","title":{"rendered":"7th International Workshop on Computer Vision in Sports (CVsports) at CVPR 2021"},"content":{"rendered":"\n<p><img loading=\"lazy\" decoding=\"async\" class=\"alignnone size-full wp-image-2033\" src=\"https:\/\/vap.aau.dk\/cvsports\/wp-content\/uploads\/sites\/5\/2020\/12\/cvsports_billede.png\" alt=\"\" width=\"1425\" height=\"634\" srcset=\"https:\/\/vap.aau.dk\/cvsports\/wp-content\/uploads\/sites\/5\/2020\/12\/cvsports_billede.png 1425w, https:\/\/vap.aau.dk\/cvsports\/wp-content\/uploads\/sites\/5\/2020\/12\/cvsports_billede-300x133.png 300w, https:\/\/vap.aau.dk\/cvsports\/wp-content\/uploads\/sites\/5\/2020\/12\/cvsports_billede-1024x456.png 1024w, https:\/\/vap.aau.dk\/cvsports\/wp-content\/uploads\/sites\/5\/2020\/12\/cvsports_billede-768x342.png 768w\" sizes=\"auto, (max-width: 1425px) 100vw, 1425px\" \/><\/p>\n<h3><strong>Workshop program<\/strong><\/h3>\n<p>All talks will be posted as pre-recorded videos, availble throughout the conference week. Links for talks and Q&amp;A meetings are available at the CVPR platform for registered attendees.<\/p>\n<p><strong>Invited talks (videos available throughout the conference week):<\/strong><\/p>\n<ul>\n<li><strong>Pascal Fua<\/strong>, Professor, Computer Vision Laboratory, EPFL.<\/li>\n<li><strong>Remo Ziegler<\/strong>, SVP Product Manager, Vizrt.<\/li>\n<li><strong>Adri\u00e0 Arbu\u00e9s Sang\u00fcesa<\/strong>, PhD felllow, Universitat Pompeu Fabra.<\/li>\n<li><strong>Mehrsan Javan<\/strong>, CTO and co-founder, Sportlogiq.<\/li>\n<\/ul>\n<p>See titles and abstracts below.<\/p>\n<p>&nbsp;<\/p>\n<p><strong>Oral presentations (videos available throughout the conference week):<\/strong><\/p>\n<ul>\n<li>12 peer-reviewed papers, see list of titles and authors below.<\/li>\n<\/ul>\n<p>&nbsp;<\/p>\n<p><strong>Live sessions, June 25:<\/strong><\/p>\n<p>8.40-9.00 (PT) \/ 11.40-12.00 (EDT) \/ 17.40-18.00 (CET) : Live Q&amp;A with Pascal Fua and Remo Ziegler<\/p>\n<p>10.00-10.30 (PT) \/ 13.00-13.30 (EDT) \/ 19.00-19.30 (CET): Live Q&amp;A with paper authors<\/p>\n<p>11.10-11.30 (PT) \/ 14.10-14.30 (EDT) \/ 20.10-20.30 (CET): Live Q&amp;A with Adri\u00e0 Arbu\u00e9s Sang\u00fcesa and Mehrsan Javan<\/p>\n<p>11.30-11.45 (PT) \/ 14.30-14.45 (EDT) \/ 20.30-20.45 (CET): Best paper award sponsored by Sportlogiq<\/p>\n<hr \/>\n<p><strong>Invited speakers<\/strong><\/p>\n<p>\n\n<\/p>\n<p><strong>Pascal Fua, Professor, Computer Vision Laboratory, EPFL<\/strong><\/p>\n<p><strong>Title: Athletic 3D Pose Estimation<\/strong><\/p>\n<p>Abstract: While supervised body pose estimation is rapidly becoming a mature field, the bottleneck remains the availability of sufficiently large training datasets, which cannot be guaranteed for many kinds of human motions. An effective way to address this is to leverage unsupervised data to learn a low-dimensional representation of poses. Then,\u00a0 it only takes very little annotated data to train a regressor to predict 3D poses from this representation.\u00a0In this talk I will discuss several classes of techniques that rely on unsupervised learning objectives that exploit the availability of multi-view footage and of video sequences for this purpose. I will demonstrate the benefits of this approach to track skiers, divers, and ball players.<\/p>\n<p>Slides: <a href=\"https:\/\/vap.aau.dk\/cvsports\/wp-content\/uploads\/sites\/5\/2021\/06\/cvpr-sports_PascalFua.pdf\">Download<\/a><\/p>\n<p>&nbsp;<\/p>\n<p><strong>Adri\u00e0 Arbu\u00e9s Sang\u00fcesa, PhD felllow, Universitat Pompeu Fabra<\/strong><\/p>\n<p><strong>Title: Bringing Computer Vision to the Court<\/strong><\/p>\n<p>Abstract: Computer Vision is a really powerful tool to bring meaningful insights and statistics in the context of sport. However, it is sometimes difficult to implement the trained models in real-case scenarios, since there is a missing connection between research and the actual court. Stemming from a basketball baseline, this talk explains the complete pipeline that starts with data gathering, details\u00a0the creation of metrics and models, and ends up with communication and\u00a0implementation tips. By building this bridge between analysts and coaches and a smooth communication flow, the performance of teams can be potentially improved<\/p>\n<p>Slides: <a href=\"https:\/\/vap.aau.dk\/cvsports\/wp-content\/uploads\/sites\/5\/2021\/06\/SlidesKeynoteCVSports_minimal.pdf\">Download<\/a><\/p>\n<p>&nbsp;<\/p>\n<p><strong>Remo Ziegler, SVP Product Manager, Vizrt<\/strong><\/p>\n<p><strong>Title: AI opportunities in Sports Broadcast<\/strong><\/p>\n<p>Abstract: The sports broadcast industry is a very exiting industry to work in. It is very fast paced and everybody tries to come up with new ways to excite the audience on the quest to maximize eyeballs. Additionally, to the fast paced nature of this industry, broadcasting is in the middle of a transition from linear TV to on-demand, customer centric driven content, which has an impact on the nature of production, automation, monetization and many more. In many of those steps understanding and visualizing data in a more automated fashion is key and thus the need for AI imminent. Let us take a glimpse at some of the challenges and opportunities of this field.<\/p>\n<p>&nbsp;<\/p>\n<p><strong>Mehrsan Javan, CTO and co-founder, Sportlogiq<\/strong><\/p>\n<p><strong>Title: Sport Analytics: Turn Visual Data Into Insights<\/strong><\/p>\n<p>Abstract: Sports analytics is about observing, understanding, and describing the game in an intelligent manner. In practice, most of the focus has been on visual perception to take the video data and extract tracking data and game events. However, turning the incomplete data into actionable insights for the clubs has always been a challenge. This talk focuses on the use of broadcast feed for sport analytics, covers the components of a vision system for data acquisition, provides examples of how Sportlogiq captures the data from broadcast videos and turns them into useful insights for the clubs to make better decisions<\/p>\n<p>Slides: <a href=\"https:\/\/vap.aau.dk\/cvsports\/wp-content\/uploads\/sites\/5\/2021\/06\/Sport-Analytics_-Turn-Visual-Data-Into-Insights.pdf\">Download<\/a><\/p>\n<hr \/>\n<p><strong>Accepted papers<\/strong><\/p>\n<ul class=\"wp-block-list\">\n<li>Temporally-Aware Feature Pooling for Action Spotting in Soccer Broadcasts. Silvio Giancola (KAUST), Bernard Ghanem (KAUST)<\/li>\n<li>Toward Improving The Visual Characterization of Physical Activities with Abstracted Scene Graphs. Amir M Rahimi (HRL Laboratories LLC), Kevin Lee (HRL Laboratories LLC), Amit Agarwal (HRL Laboratories LLC), Hyukseong Kwon (HRL Laboratories), Rajan Bhattacharyya (HRL Laboratories)<\/li>\n<li>SoccerNet-v2: A Dataset and Benchmarks for Holistic Understanding of Broadcast Soccer Videos. Adrien Deliege (University of Liege), Anthony Cioppa (University of Li\u00e8ge (ULi\u00e8ge)), Silvio Giancola (KAUST), Meisam Jamshidi Seikavandi (Aalborg University), Jacob Velling Dueholm (Aalborg University), Kamal Nasrollahi (Aalborg University, Denmark), Bernard Ghanem (KAUST), Thomas B. Moeslund (Aalborg University), Marc Van Droogenbroeck (University of Liege)<\/li>\n<li>Detecting and Matching Related Objects with One Proposal Multiple Predictions. Yang Liu (SPORTLOGiQ), Luiz Gustavo Hafemann (Sportlogiq Inc), Michael Jamieson (Sportloqiq), Mehrsan Javan (SPORTLOGiQ Inc., McGill University)<\/li>\n<li>Contrastive Learning for Sports Video: Unsupervised Player Classification. Maria Koshkina (York University), Hemanth Pidaparthy (York University), James Elder (York University)<\/li>\n<li>Camera Calibration and Player Localization in SoccerNet-v2 and Investigation of their Representations for Action Spotting. Anthony Cioppa (University of Li\u00e8ge (ULi\u00e8ge)), Adrien Deliege (University of Liege), Floriane Magera (EVS Broadcast Equipment), Silvio Giancola (KAUST), Olivier Barnich (EVS Broadcast Equipment), Bernard Ghanem (KAUST), Marc Van Droogenbroeck (University of Liege)<\/li>\n<li>DeepDarts: Modeling Keypoints as Objects for Automatic Scorekeeping in Darts using a Single Camera. William McNally (University of Waterloo), Pascale B Walters (University of Waterloo), Kanav Vats (University of Waterloo), Alexander Wong (University of Waterloo), John McPhee (University of Waterloo)<\/li>\n<li>LoL-V2T: Large-Scale Esports Video Description Dataset. Tsunehiko Tanaka (Waseda University), Edgar Simo-Serra (Waseda University)<\/li>\n<li>Puck localization and multi-task event recognition in broadcast hockey videos. Kanav Vats (University of Waterloo), Mehrnaz Fani (University of Waterloo), David A Clausi (University of Waterloo), John Zelek (University of Waterloo)<\/li>\n<li>Table Tennis Stroke Recognition Using Two-Dimensional Human Pose Estimation. Kaustubh Milind Kulkarni (Independent), Sucheth Shenoy (Independent)<\/li>\n<li>Automatic Play Segmentation of Hockey Videos. Hemanth Pidaparthy (York University), Michael Dowling (Queens University), James Elder (York University)<\/li>\n<li>Automated Tackle Injury Risk Assessment in Contact-Based Sports &#8211; A Rugby Union Example. Zubair Martin (University of Cape Town ), Sharief Hendricks (University of Cape Town), Amir Patel (University of Cape Town)<\/li>\n<\/ul>\n<hr \/>\n<p><strong>Motivation<\/strong><\/p>\n<p>Sports is said to be the social glue of society. It allows people to interact irrespective of their social status, age etc. With the rise of the mass media, a significant quantity of resources has been channeled into sports in order to improve understanding, performance and presentation. For example, areas like performance assessment, which were previously mainly of interest to coaches and sports scientists are now finding applications in broadcast and other media, driven by the increasing use of on-line sports viewing which provides a way of making all sorts of performance statistics available to viewers. Computer vision has recently started to play an important role in sports as seen in for example football where computer vision-based graphics in real-time enhances different aspects of the game. Computer vision algorithms have a huge potential in many aspects of sports ranging from automatic annotation of broadcast footage, through to better understand of sport injuries, and enhanced viewing. So far, the use of computer vision in sports has been scattered between different disciplines.<\/p>\n\n<p>&nbsp;<\/p>\n\n<p><strong>Call for papers<\/strong><\/p>\n<p>The ambition of this workshop is to bring together practitioners and researchers from different disciplines to share ideas and methods on current and future use of computer vision in sports. To this end we welcome computer vision-based research contributions as well as best-practice contributions focusing on the following (and similar) topics:<\/p>\n\n\n\n<ul>\n<li>estimation of position and motion of cameras and participants in sports<\/li>\n<li>tracking people and objects in sports<\/li>\n<li>activity recognition in sports<\/li>\n<li>event detection in sports<\/li>\n<li>spectator monitoring<\/li>\n<li>annotation and indexing in sports<\/li>\n<li>graphical effects in sports<\/li>\n<li>analysis of injuries in sports<\/li>\n<li>performance assessment in sports<\/li>\n<li>alternative sensing in sports (beyond the visible spectrum)<\/li>\n<li>tactics analysis in sports<\/li>\n<li>automatic narration and captioning in sports<\/li>\n<li>training assistance in sports<\/li>\n<li>augmented\/virtual reality in sports<\/li>\n<\/ul>\n\n<p>&nbsp;<\/p>\n\n<p><strong> Important dates<\/strong><\/p>\n\n\n\n<ul class=\"wp-block-list\">\n<li>Submission deadline: <del>March 7<\/del> March 14, 2021 (11.59pm Pacific Time)<\/li>\n<li>Notification of acceptance: <del>April 1<\/del>\u00a0April 7, 2021<\/li>\n<li>Camera ready deadline: April 18, 2021<\/li>\n<li>Workshop date: June 25, 2021<\/li>\n<\/ul>\n\n<p>&nbsp;<\/p>\n\n<p><strong> Submission instructions <\/strong><\/p>\n<p>Policies and guidelines (same as for CVPR): <a href=\"http:\/\/cvpr2021.thecvf.com\/node\/33#policies\" target=\"_blank\" rel=\"noreferrer noopener\">Link<\/a><\/p>\n<p>Submission:\u00a0<a href=\"https:\/\/cmt3.research.microsoft.com\/CVSports2021\/\" target=\"_blank\" rel=\"noopener noreferrer\">Link<\/a><\/p>\n\n\n\n<p>Accepted papers will be published in the CVPR workshop proceedings on IEEE Xplore and as open access on http:\/\/openaccess.thecvf.com\/.<\/p>\n\n<p>&nbsp;<\/p>\n\n<p><strong>Best paper award<\/strong><\/p>\n<p>1000$ sponsored by <a href=\"https:\/\/sportlogiq.com\/\" target=\"_blank\" rel=\"noopener noreferrer\">Sportlogiq<\/a>.<\/p>\n\n\n\n<p>&nbsp;<\/p>\n\n<p><strong> Program committee:<\/strong><\/p>\n<p>Adrien Deliege, University of Liege, Belgium<br \/>Anthony Cioppa, University of Liege, Belgium<br \/>Bastian Wandt, Leibniz University Hannover, Germany<br \/>Dan Gutfreund, IBM Research <br \/>Dan Mikami, NTT, Japan<br \/>Hideo Saito, Keio University, Japan<br \/>Jean-Yves Guillemaut, University of Surrey, UK<br \/>Jesse Davis, KU Leuven, Belgium <br \/>Jianhui Chen, University of British Columbia, Canada<br \/>Jonas Theiner, Universit\u00e4t Hannover, Germany<br \/>Li Cheng, University of Alberta, Canada<br \/>Marc Van Droogenbroeck, University of Liege, Belgium<br \/>Michael Jamieson, Sportlogiq, USA<br \/>Moritz Einfalt, University of Augsburg, Germany <br \/>Nicola Mosca, CNR ISSIA, Italy <br \/>Rainer Lienhart, Universitat Augsburg, Germany <br \/>Rajkumar Theagarajan, University of California, Riverside, USA <br \/>Sergio Escalera, Computer Vision Center (UAB) &amp; University of Barcelona, Spain<br \/>Silvio Giancola, KAUST, Saudi Arabia <br \/>Simon Denman, Queensland University of Technology, Australia<br \/>Steven Schwarcz, University of Maryland College Park, USA<\/p>\n\n<p>&nbsp;<\/p>\n\n<p><strong>Organizers<\/strong><\/p>\n<p><a href=\"mailto:rg@create.aau.dk\">Rikke Gade<\/a>, Aalborg University, Denmark<br \/><a href=\"mailto:tbm@create.aau.dk\">Thomas Moeslund<\/a>, Aalborg University, Denmark<br \/><a href=\"mailto:graham.thomas@bbc.co.uk\">Graham Thomas<\/a>, BBC, UK<br \/><a href=\"mailto:a.hilton@surrey.ac.uk\">Adrian Hilton<\/a>, University of Surrey, UK<br \/><a href=\"mailto:little@cs.ubc.ca\">Jim Little<\/a>, University of British Columbia, Canada<br \/><a href=\"mailto:mimerler@us.ibm.com\">Michele Merler<\/a>, IBM Research, USA<\/p>\n\n<p>&nbsp;<\/p>\n\n<p><strong>Previous editions of CVsports:<\/strong><\/p>\n\n\n\n<ul class=\"wp-block-list\">\n<li><a href=\"\/cvsports\/1st-ieee-internation-workshop-on-computer-vision-in-sports-at-cvpr-2013\/\">1st IEEE International Workshop on Computer Vision in Sports (at CVPR 2013)<\/a><\/li>\n<li><a href=\"\/cvsports\/2nd\/\">2nd IEEE International Workshop on Computer Vision in Sports (at ICCV 2015)<\/a><\/li>\n<li><a href=\"\/cvsports\/3rd-ieee-international-workshop-in-computer-vision-in-sports-at-cvpr-2017\/\">3rd IEEE International Workshop on Computer Vision in Sports (at CVPR 2017)<\/a><\/li>\n<li><a href=\"\/cvsports\/4th-ieee-international-workshop-on-computer-vision-in-sports-at-cvpr-2018\/\">4th IEEE International Workshop on Computer Vision in Sports (at CVPR 2018)<\/a><\/li>\n<li><a href=\"\/cvsports\/5th-ieee-international-workshop-on-computer-vision-in-sports-at-cvpr-2019\/\">5th IEEE International Workshop on Computer Vision in Sports (at CVPR 2019)<\/a><\/li>\n<li><a href=\"https:\/\/vap.aau.dk\/cvsports\/1919-2\/\" target=\"_blank\" rel=\"noopener noreferrer\">6th IEEE International Workshop on Computer Vision in Sports (at CVPR 2020)<\/a><\/li>\n<\/ul>\n\n<p>&nbsp;<\/p>\n\n<p><strong>Related publications:<\/strong><\/p>\n\n\n\n<ul class=\"wp-block-list\">\n<li>Special issue in CVIU:\u00a0<a href=\"https:\/\/www.sciencedirect.com\/journal\/computer-vision-and-image-understanding\/vol\/159\/suppl\/C\" target=\"_blank\" rel=\"noreferrer noopener\">Special Issue on Computer Vision in Sports<\/a><\/li>\n<li>Book:\u00a0<a href=\"http:\/\/www.springer.com\/us\/book\/9783319093956\" target=\"_blank\" rel=\"noreferrer noopener\">Computer Vision in Sports<\/a>. Moeslund, Thomas B., Thomas, Graham, Hilton, Adrian (Eds.),Springer 2014<\/li>\n<\/ul>\n\n<p>&nbsp;<\/p>\n\n<p><strong> Overall Meeting Sponsors<\/strong> <img loading=\"lazy\" decoding=\"async\" class=\"alignnone size-medium wp-image-2010\" src=\"https:\/\/vap.aau.dk\/cvsports\/wp-content\/uploads\/sites\/5\/2020\/05\/ieee-logo-300x92.png\" alt=\"\" width=\"300\" height=\"92\" srcset=\"https:\/\/vap.aau.dk\/cvsports\/wp-content\/uploads\/sites\/5\/2020\/05\/ieee-logo-300x92.png 300w, https:\/\/vap.aau.dk\/cvsports\/wp-content\/uploads\/sites\/5\/2020\/05\/ieee-logo-768x234.png 768w, https:\/\/vap.aau.dk\/cvsports\/wp-content\/uploads\/sites\/5\/2020\/05\/ieee-logo.png 1000w\" sizes=\"auto, (max-width: 300px) 100vw, 300px\" \/> \u00a0<img loading=\"lazy\" decoding=\"async\" class=\"alignnone size-full wp-image-1926\" src=\"https:\/\/vap.aau.dk\/cvsports\/wp-content\/uploads\/sites\/5\/2020\/05\/image.png\" alt=\"CVF logo\" width=\"177\" height=\"117\" \/><\/p>\n","protected":false},"excerpt":{"rendered":"<p>Workshop program All talks will be posted as pre-recorded videos, availble throughout the conference week. Links for talks and Q&amp;A meetings are available at the CVPR platform for registered attendees. Invited talks (videos available throughout the conference week): Pascal Fua, Professor, Computer Vision Laboratory, EPFL. Remo Ziegler, SVP Product Manager, Vizrt. Adri\u00e0 Arbu\u00e9s Sang\u00fcesa, PhD [&hellip;]<\/p>\n","protected":false},"author":4,"featured_media":0,"parent":0,"menu_order":0,"comment_status":"closed","ping_status":"closed","template":"","meta":{"footnotes":""},"class_list":["post-2023","page","type-page","status-publish","hentry"],"_links":{"self":[{"href":"https:\/\/vap.aau.dk\/cvsports\/wp-json\/wp\/v2\/pages\/2023","targetHints":{"allow":["GET"]}}],"collection":[{"href":"https:\/\/vap.aau.dk\/cvsports\/wp-json\/wp\/v2\/pages"}],"about":[{"href":"https:\/\/vap.aau.dk\/cvsports\/wp-json\/wp\/v2\/types\/page"}],"author":[{"embeddable":true,"href":"https:\/\/vap.aau.dk\/cvsports\/wp-json\/wp\/v2\/users\/4"}],"replies":[{"embeddable":true,"href":"https:\/\/vap.aau.dk\/cvsports\/wp-json\/wp\/v2\/comments?post=2023"}],"version-history":[{"count":0,"href":"https:\/\/vap.aau.dk\/cvsports\/wp-json\/wp\/v2\/pages\/2023\/revisions"}],"wp:attachment":[{"href":"https:\/\/vap.aau.dk\/cvsports\/wp-json\/wp\/v2\/media?parent=2023"}],"curies":[{"name":"wp","href":"https:\/\/api.w.org\/{rel}","templated":true}]}}